{"id":128,"date":"2025-07-23T15:26:25","date_gmt":"2025-07-23T21:26:25","guid":{"rendered":"https:\/\/grupo-rs.com.mx\/?page_id=128"},"modified":"2025-07-24T12:48:15","modified_gmt":"2025-07-24T18:48:15","slug":"contacto","status":"publish","type":"page","link":"https:\/\/grupo-rs.com.mx\/?page_id=128","title":{"rendered":""},"content":{"rendered":"\n<div class=\"wp-block-group alignfull is-vertical is-content-justification-center is-layout-flex wp-container-core-group-is-layout-c0285b11 wp-block-group-is-layout-flex has-background\" style=\"border-style:none;border-width:0px;border-radius:0px;min-height:0vh;margin-top:0;margin-bottom:0;padding-top:var(--wp--preset--spacing--20);padding-right:var(--wp--preset--spacing--50);padding-bottom:var(--wp--preset--spacing--20);padding-left:var(--wp--preset--spacing--50);background-image:url(&#039;https:\/\/grupo-rs.com.mx\/wp-content\/uploads\/2025\/07\/2038-2.jpg&#039;);background-position:47% 50%;background-size:cover;\">\n<div class=\"wp-block-group has-global-padding is-layout-constrained wp-block-group-is-layout-constrained\">\n<figure class=\"wp-block-image aligncenter size-full is-resized\"><img decoding=\"async\" src=\"https:\/\/grupo-rs.com.mx\/wp-content\/themes\/twentytwentyfour\/assets\/images\/icon-message.webp\" alt=\"\" style=\"object-fit:cover;width:45px;height:49px\"\/><\/figure>\n\n\n\n<div style=\"height:var(--wp--preset--spacing--10)\" aria-hidden=\"true\" class=\"wp-block-spacer\"><\/div>\n\n\n\n<h2 class=\"wp-block-heading has-text-align-center has-background-color has-text-color has-link-color has-x-large-font-size wp-elements-139c5763f3f730e3ecf840ffee84c59a\" style=\"margin-right:0;margin-left:0;padding-right:0;padding-left:0\"><strong>Tecnolog\u00eda industrial al alcance de un clic<\/strong><\/h2>\n\n\n\n<h3 class=\"wp-block-heading has-text-align-center has-background-color has-text-color has-link-color has-large-font-size wp-elements-88d471f1bac8281f4588488df951e9eb\" style=\"margin-right:0;margin-left:0;padding-right:0;padding-left:0\"><strong><strong>Hablemos de tu pr\u00f3ximo proyecto<\/strong><\/strong><\/h3>\n\n\n\n<div style=\"height:var(--wp--preset--spacing--10)\" aria-hidden=\"true\" class=\"wp-block-spacer\"><\/div>\n\n\n\n<div class=\"wp-block-buttons is-content-justification-center is-layout-flex wp-container-core-buttons-is-layout-a89b3969 wp-block-buttons-is-layout-flex\"><\/div>\n<\/div>\n<\/div>\n\n\n\n<div class=\"wp-block-group alignfull has-global-padding is-content-justification-center is-layout-constrained wp-container-core-group-is-layout-df757ecc wp-block-group-is-layout-constrained\" style=\"margin-top:0;margin-bottom:0;padding-top:calc( 0.5 * var(--wp--style--root--padding-right, var(--wp--custom--gap--horizontal)));padding-right:var(--wp--style--root--padding-right, var(--wp--custom--gap--horizontal));padding-bottom:calc( 0.5 * var(--wp--style--root--padding-right, var(--wp--custom--gap--horizontal)));padding-left:var(--wp--style--root--padding-left, var(--wp--custom--gap--horizontal))\">\n<div style=\"height:calc( 0.25 * var(--wp--style--root--padding-right, var(--wp--custom--gap--horizontal)))\" aria-hidden=\"true\" class=\"wp-block-spacer\"><\/div>\n\n\n\n<div class=\"wp-block-columns alignwide are-vertically-aligned-center is-layout-flex wp-container-core-columns-is-layout-cbe57604 wp-block-columns-is-layout-flex\">\n<div class=\"wp-block-column is-vertically-aligned-center is-layout-flow wp-block-column-is-layout-flow\" style=\"flex-basis:40%\">\n<figure class=\"wp-block-image size-full\"><img fetchpriority=\"high\" decoding=\"async\" width=\"1130\" height=\"1500\" src=\"https:\/\/grupo-rs.com.mx\/wp-content\/uploads\/2025\/07\/2151615124.jpg\" alt=\"\" class=\"wp-image-135\" style=\"aspect-ratio:3\/4;object-fit:cover\" srcset=\"https:\/\/grupo-rs.com.mx\/wp-content\/uploads\/2025\/07\/2151615124.jpg 1130w, https:\/\/grupo-rs.com.mx\/wp-content\/uploads\/2025\/07\/2151615124-226x300.jpg 226w, https:\/\/grupo-rs.com.mx\/wp-content\/uploads\/2025\/07\/2151615124-771x1024.jpg 771w, https:\/\/grupo-rs.com.mx\/wp-content\/uploads\/2025\/07\/2151615124-768x1019.jpg 768w, https:\/\/grupo-rs.com.mx\/wp-content\/uploads\/2025\/07\/2151615124-600x796.jpg 600w\" sizes=\"(max-width: 1130px) 100vw, 1130px\" \/><\/figure>\n<\/div>\n\n\n\n<div class=\"wp-block-column is-vertically-aligned-center is-layout-flow wp-block-column-is-layout-flow\">\n<div class=\"wp-block-columns is-layout-flex wp-container-core-columns-is-layout-28f84493 wp-block-columns-is-layout-flex\">\n<div class=\"wp-block-column is-layout-flow wp-block-column-is-layout-flow\" style=\"flex-basis:80%\">\n<h2 class=\"wp-block-heading\"><strong>Solicita m\u00e1s informaci\u00f3n o cotiza tu proyecto<\/strong><\/h2>\n<\/div>\n\n\n\n<div class=\"wp-block-column is-vertically-aligned-stretch is-layout-flow wp-block-column-is-layout-flow\"><\/div>\n<\/div>\n\n\n\n<div style=\"height:24px\" aria-hidden=\"true\" class=\"wp-block-spacer\"><\/div>\n\n\n\n<div class=\"wp-block-columns is-not-stacked-on-mobile has-medium-font-size is-layout-flex wp-container-core-columns-is-layout-28f84493 wp-block-columns-is-layout-flex\">\n<div class=\"wp-block-column is-layout-flow wp-container-core-column-is-layout-cd8fa203 wp-block-column-is-layout-flow\" style=\"border-left-color:#1e1e1e40;border-left-width:1px;padding-top:0;padding-right:var(--wp--preset--spacing--20);padding-bottom:0;padding-left:var(--wp--preset--spacing--20)\">\n<h3 class=\"wp-block-heading\">Tel\u00e9fono:<\/h3>\n\n\n\n<p>+52 55 4059 4502<\/p>\n<\/div>\n\n\n\n<div class=\"wp-block-column is-layout-flow wp-container-core-column-is-layout-cd8fa203 wp-block-column-is-layout-flow\" style=\"border-left-color:#1e1e1e40;border-left-width:1px;padding-top:0;padding-right:var(--wp--preset--spacing--20);padding-bottom:0;padding-left:var(--wp--preset--spacing--20)\">\n<h3 class=\"wp-block-heading\">Email:<\/h3>\n\n\n\n<p class=\"has-small-font-size\"><a href=\"mailto:ventas@grupo-rs.com.mx\">ventas@grupo-rs.com.mx<\/a><\/p>\n<\/div>\n<\/div>\n\n\n\n<div style=\"height:8px\" aria-hidden=\"true\" class=\"wp-block-spacer\"><\/div>\n\n\n\n<div class=\"wp-block-columns is-not-stacked-on-mobile has-medium-font-size is-layout-flex wp-container-core-columns-is-layout-28f84493 wp-block-columns-is-layout-flex\">\n<div class=\"wp-block-column is-layout-flow wp-container-core-column-is-layout-cd8fa203 wp-block-column-is-layout-flow\" style=\"border-left-color:#1e1e1e40;border-left-width:1px;padding-top:0;padding-right:var(--wp--preset--spacing--20);padding-bottom:0;padding-left:var(--wp--preset--spacing--20)\">\n<h4 class=\"wp-block-heading\"><strong>Encu\u00e9ntranos en:<\/strong><\/h4>\n\n\n\n<p>Atizap\u00e1n de Zaragoza, Edo\u00a0de M\u00e9xico.<\/p>\n<\/div>\n\n\n\n<div class=\"wp-block-column is-layout-flow wp-container-core-column-is-layout-cd8fa203 wp-block-column-is-layout-flow\" style=\"border-left-color:#1e1e1e40;border-left-width:1px;padding-top:0;padding-right:var(--wp--preset--spacing--20);padding-bottom:0;padding-left:var(--wp--preset--spacing--20)\">\n<h3 class=\"wp-block-heading\">\u00a1S\u00edguenos!<\/h3>\n\n\n\n<ul class=\"wp-block-social-links is-layout-flex wp-block-social-links-is-layout-flex\"><li class=\"wp-social-link wp-social-link-tiktok  wp-block-social-link\"><a href=\"https:\/\/www.tiktok.com\/@grupo_rs1\" class=\"wp-block-social-link-anchor\"><svg width=\"24\" height=\"24\" viewBox=\"0 0 32 32\" version=\"1.1\" xmlns=\"http:\/\/www.w3.org\/2000\/svg\" aria-hidden=\"true\" focusable=\"false\"><path d=\"M16.708 0.027c1.745-0.027 3.48-0.011 5.213-0.027 0.105 2.041 0.839 4.12 2.333 5.563 1.491 1.479 3.6 2.156 5.652 2.385v5.369c-1.923-0.063-3.855-0.463-5.6-1.291-0.76-0.344-1.468-0.787-2.161-1.24-0.009 3.896 0.016 7.787-0.025 11.667-0.104 1.864-0.719 3.719-1.803 5.255-1.744 2.557-4.771 4.224-7.88 4.276-1.907 0.109-3.812-0.411-5.437-1.369-2.693-1.588-4.588-4.495-4.864-7.615-0.032-0.667-0.043-1.333-0.016-1.984 0.24-2.537 1.495-4.964 3.443-6.615 2.208-1.923 5.301-2.839 8.197-2.297 0.027 1.975-0.052 3.948-0.052 5.923-1.323-0.428-2.869-0.308-4.025 0.495-0.844 0.547-1.485 1.385-1.819 2.333-0.276 0.676-0.197 1.427-0.181 2.145 0.317 2.188 2.421 4.027 4.667 3.828 1.489-0.016 2.916-0.88 3.692-2.145 0.251-0.443 0.532-0.896 0.547-1.417 0.131-2.385 0.079-4.76 0.095-7.145 0.011-5.375-0.016-10.735 0.025-16.093z\" \/><\/svg><span class=\"wp-block-social-link-label screen-reader-text\">TikTok<\/span><\/a><\/li>\n\n<li class=\"wp-social-link wp-social-link-linkedin  wp-block-social-link\"><a href=\"https:\/\/www.linkedin.com\/company\/grupo-rs-divisi%C3%B3n-industrial\/?viewAsMember=true\" class=\"wp-block-social-link-anchor\"><svg width=\"24\" height=\"24\" viewBox=\"0 0 24 24\" version=\"1.1\" xmlns=\"http:\/\/www.w3.org\/2000\/svg\" aria-hidden=\"true\" focusable=\"false\"><path d=\"M19.7,3H4.3C3.582,3,3,3.582,3,4.3v15.4C3,20.418,3.582,21,4.3,21h15.4c0.718,0,1.3-0.582,1.3-1.3V4.3 C21,3.582,20.418,3,19.7,3z M8.339,18.338H5.667v-8.59h2.672V18.338z M7.004,8.574c-0.857,0-1.549-0.694-1.549-1.548 c0-0.855,0.691-1.548,1.549-1.548c0.854,0,1.547,0.694,1.547,1.548C8.551,7.881,7.858,8.574,7.004,8.574z M18.339,18.338h-2.669 v-4.177c0-0.996-0.017-2.278-1.387-2.278c-1.389,0-1.601,1.086-1.601,2.206v4.249h-2.667v-8.59h2.559v1.174h0.037 c0.356-0.675,1.227-1.387,2.526-1.387c2.703,0,3.203,1.779,3.203,4.092V18.338z\"><\/path><\/svg><span class=\"wp-block-social-link-label screen-reader-text\">LinkedIn<\/span><\/a><\/li>\n\n<li class=\"wp-social-link wp-social-link-whatsapp  wp-block-social-link\"><a href=\"https:\/\/wa.link\/48e9jr\" class=\"wp-block-social-link-anchor\"><svg width=\"24\" height=\"24\" viewBox=\"0 0 24 24\" version=\"1.1\" xmlns=\"http:\/\/www.w3.org\/2000\/svg\" aria-hidden=\"true\" focusable=\"false\"><path d=\"M 12.011719 2 C 6.5057187 2 2.0234844 6.478375 2.0214844 11.984375 C 2.0204844 13.744375 2.4814687 15.462563 3.3554688 16.976562 L 2 22 L 7.2324219 20.763672 C 8.6914219 21.559672 10.333859 21.977516 12.005859 21.978516 L 12.009766 21.978516 C 17.514766 21.978516 21.995047 17.499141 21.998047 11.994141 C 22.000047 9.3251406 20.962172 6.8157344 19.076172 4.9277344 C 17.190172 3.0407344 14.683719 2.001 12.011719 2 z M 12.009766 4 C 14.145766 4.001 16.153109 4.8337969 17.662109 6.3417969 C 19.171109 7.8517969 20.000047 9.8581875 19.998047 11.992188 C 19.996047 16.396187 16.413812 19.978516 12.007812 19.978516 C 10.674812 19.977516 9.3544062 19.642812 8.1914062 19.007812 L 7.5175781 18.640625 L 6.7734375 18.816406 L 4.8046875 19.28125 L 5.2851562 17.496094 L 5.5019531 16.695312 L 5.0878906 15.976562 C 4.3898906 14.768562 4.0204844 13.387375 4.0214844 11.984375 C 4.0234844 7.582375 7.6067656 4 12.009766 4 z M 8.4765625 7.375 C 8.3095625 7.375 8.0395469 7.4375 7.8105469 7.6875 C 7.5815469 7.9365 6.9355469 8.5395781 6.9355469 9.7675781 C 6.9355469 10.995578 7.8300781 12.182609 7.9550781 12.349609 C 8.0790781 12.515609 9.68175 15.115234 12.21875 16.115234 C 14.32675 16.946234 14.754891 16.782234 15.212891 16.740234 C 15.670891 16.699234 16.690438 16.137687 16.898438 15.554688 C 17.106437 14.971687 17.106922 14.470187 17.044922 14.367188 C 16.982922 14.263188 16.816406 14.201172 16.566406 14.076172 C 16.317406 13.951172 15.090328 13.348625 14.861328 13.265625 C 14.632328 13.182625 14.464828 13.140625 14.298828 13.390625 C 14.132828 13.640625 13.655766 14.201187 13.509766 14.367188 C 13.363766 14.534188 13.21875 14.556641 12.96875 14.431641 C 12.71875 14.305641 11.914938 14.041406 10.960938 13.191406 C 10.218937 12.530406 9.7182656 11.714844 9.5722656 11.464844 C 9.4272656 11.215844 9.5585938 11.079078 9.6835938 10.955078 C 9.7955938 10.843078 9.9316406 10.663578 10.056641 10.517578 C 10.180641 10.371578 10.223641 10.267562 10.306641 10.101562 C 10.389641 9.9355625 10.347156 9.7890625 10.285156 9.6640625 C 10.223156 9.5390625 9.737625 8.3065 9.515625 7.8125 C 9.328625 7.3975 9.131125 7.3878594 8.953125 7.3808594 C 8.808125 7.3748594 8.6425625 7.375 8.4765625 7.375 z\"><\/path><\/svg><span class=\"wp-block-social-link-label screen-reader-text\">WhatsApp<\/span><\/a><\/li><\/ul>\n<\/div>\n<\/div>\n<\/div>\n<\/div>\n\n\n\n<div style=\"height:9px\" aria-hidden=\"true\" class=\"wp-block-spacer\"><\/div>\n<\/div>\n\n\n\n<div class=\"wp-block-group alignfull has-global-padding is-layout-constrained wp-container-core-group-is-layout-d89aad35 wp-block-group-is-layout-constrained\" style=\"margin-top:0;margin-bottom:0;padding-top:var(--wp--preset--spacing--50);padding-right:var(--wp--preset--spacing--50);padding-bottom:var(--wp--preset--spacing--50);padding-left:var(--wp--preset--spacing--50)\">\n<div class=\"wp-block-columns alignwide are-vertically-aligned-center is-layout-flex wp-container-core-columns-is-layout-47c06fe3 wp-block-columns-is-layout-flex\">\n<div class=\"wp-block-column is-vertically-aligned-center is-layout-flow wp-block-column-is-layout-flow\" style=\"flex-basis:50%\">\n<h2 class=\"wp-block-heading\">Cu\u00e9ntanos qu\u00e9 necesitas, nosotros te ayudamos<\/h2>\n\n\n\n\n<div class=\"wpcf7 no-js\" id=\"wpcf7-f144-o1\" lang=\"es-MX\" dir=\"ltr\" data-wpcf7-id=\"144\">\n<div class=\"screen-reader-response\"><p role=\"status\" aria-live=\"polite\" aria-atomic=\"true\"><\/p> <ul><\/ul><\/div>\n<form action=\"\/index.php?rest_route=%2Fwp%2Fv2%2Fpages%2F128#wpcf7-f144-o1\" method=\"post\" class=\"wpcf7-form init\" aria-label=\"Formulario de contacto\" novalidate=\"novalidate\" data-status=\"init\">\n<fieldset class=\"hidden-fields-container\"><input type=\"hidden\" name=\"_wpcf7\" value=\"144\" \/><input type=\"hidden\" name=\"_wpcf7_version\" value=\"6.1\" \/><input type=\"hidden\" name=\"_wpcf7_locale\" value=\"es_MX\" \/><input type=\"hidden\" name=\"_wpcf7_unit_tag\" value=\"wpcf7-f144-o1\" \/><input type=\"hidden\" name=\"_wpcf7_container_post\" value=\"0\" \/><input type=\"hidden\" name=\"_wpcf7_posted_data_hash\" value=\"\" \/>\n<\/fieldset>\n<p><label> Tu nombre<br \/>\n<span class=\"wpcf7-form-control-wrap\" data-name=\"your-name\"><input size=\"40\" maxlength=\"400\" class=\"wpcf7-form-control wpcf7-text wpcf7-validates-as-required\" autocomplete=\"name\" aria-required=\"true\" aria-invalid=\"false\" value=\"\" type=\"text\" name=\"your-name\" \/><\/span> <\/label>\n<\/p>\n<p><label> Tu correo electr\u00f3nico<br \/>\n<span class=\"wpcf7-form-control-wrap\" data-name=\"your-email\"><input size=\"40\" maxlength=\"400\" class=\"wpcf7-form-control wpcf7-email wpcf7-validates-as-required wpcf7-text wpcf7-validates-as-email\" autocomplete=\"email\" aria-required=\"true\" aria-invalid=\"false\" value=\"\" type=\"email\" name=\"your-email\" \/><\/span> <\/label>\n<\/p>\n<p><label> Tu n\u00famero telef\u00f3nico<br \/>\n<span class=\"wpcf7-form-control-wrap\" data-name=\"tel-398\"><input size=\"40\" maxlength=\"400\" class=\"wpcf7-form-control wpcf7-tel wpcf7-text wpcf7-validates-as-tel\" aria-invalid=\"false\" value=\"\" type=\"tel\" name=\"tel-398\" \/><\/span> <\/label>\n<\/p>\n<p><label> Asunto<br \/>\n<span class=\"wpcf7-form-control-wrap\" data-name=\"your-subject\"><input size=\"40\" maxlength=\"400\" class=\"wpcf7-form-control wpcf7-text wpcf7-validates-as-required\" aria-required=\"true\" aria-invalid=\"false\" value=\"\" type=\"text\" name=\"your-subject\" \/><\/span> <\/label>\n<\/p>\n<p><label> Tu mensaje (opcional)<br \/>\n<span class=\"wpcf7-form-control-wrap\" data-name=\"your-message\"><textarea cols=\"40\" rows=\"10\" maxlength=\"2000\" class=\"wpcf7-form-control wpcf7-textarea\" aria-invalid=\"false\" name=\"your-message\"><\/textarea><\/span> <\/label>\n<\/p>\n<p><input class=\"wpcf7-form-control wpcf7-submit has-spinner\" type=\"submit\" value=\"Enviar\" \/>\n<\/p><div class=\"wpcf7-response-output\" aria-hidden=\"true\"><\/div>\n<\/form>\n<\/div>\n\n<\/div>\n\n\n\n<div class=\"wp-block-column is-vertically-aligned-center is-layout-flow wp-block-column-is-layout-flow\" style=\"flex-basis:50%\">\n<figure class=\"wp-block-image size-full is-style-rounded is-style-rounded--1\"><img decoding=\"async\" width=\"1500\" height=\"1000\" src=\"https:\/\/grupo-rs.com.mx\/wp-content\/uploads\/2025\/07\/183.jpg\" alt=\"\" class=\"wp-image-138\" style=\"aspect-ratio:4\/3;object-fit:cover\" srcset=\"https:\/\/grupo-rs.com.mx\/wp-content\/uploads\/2025\/07\/183.jpg 1500w, https:\/\/grupo-rs.com.mx\/wp-content\/uploads\/2025\/07\/183-300x200.jpg 300w, https:\/\/grupo-rs.com.mx\/wp-content\/uploads\/2025\/07\/183-1024x683.jpg 1024w, https:\/\/grupo-rs.com.mx\/wp-content\/uploads\/2025\/07\/183-768x512.jpg 768w, https:\/\/grupo-rs.com.mx\/wp-content\/uploads\/2025\/07\/183-600x400.jpg 600w\" sizes=\"(max-width: 1500px) 100vw, 1500px\" \/><\/figure>\n<\/div>\n<\/div>\n<\/div>\n\n\n\n<p><\/p>\n","protected":false},"excerpt":{"rendered":"<p>Tecnolog\u00eda industrial al alcance de un clic Hablemos de tu pr\u00f3ximo proyecto Solicita m\u00e1s informaci\u00f3n o cotiza tu proyecto Tel\u00e9fono: +52 55 4059 4502 Email: ventas@grupo-rs.com.mx Encu\u00e9ntranos en: Atizap\u00e1n de Zaragoza, Edo\u00a0de M\u00e9xico. \u00a1S\u00edguenos! Cu\u00e9ntanos qu\u00e9 necesitas, nosotros te ayudamos<\/p>\n","protected":false},"author":1,"featured_media":0,"parent":0,"menu_order":0,"comment_status":"closed","ping_status":"closed","template":"","meta":{"footnotes":""},"class_list":["post-128","page","type-page","status-publish","hentry"],"yoast_head":"<!-- This site is optimized with the Yoast SEO plugin v25.6 - https:\/\/yoast.com\/wordpress\/plugins\/seo\/ -->\n<title>- Grupo RS<\/title>\n<meta name=\"robots\" content=\"index, follow, max-snippet:-1, max-image-preview:large, max-video-preview:-1\" \/>\n<link rel=\"canonical\" href=\"https:\/\/grupo-rs.com.mx\/?page_id=128\" \/>\n<meta property=\"og:locale\" content=\"es_MX\" \/>\n<meta property=\"og:type\" content=\"article\" \/>\n<meta property=\"og:title\" content=\"- Grupo RS\" \/>\n<meta property=\"og:description\" content=\"Tecnolog\u00eda industrial al alcance de un clic Hablemos de tu pr\u00f3ximo proyecto Solicita m\u00e1s informaci\u00f3n o cotiza tu proyecto Tel\u00e9fono: +52 55 4059 4502 Email: ventas@grupo-rs.com.mx Encu\u00e9ntranos en: Atizap\u00e1n de Zaragoza, Edo\u00a0de M\u00e9xico. \u00a1S\u00edguenos! Cu\u00e9ntanos qu\u00e9 necesitas, nosotros te ayudamos\" \/>\n<meta property=\"og:url\" content=\"https:\/\/grupo-rs.com.mx\/?page_id=128\" \/>\n<meta property=\"og:site_name\" content=\"Grupo RS\" \/>\n<meta property=\"article:modified_time\" content=\"2025-07-24T18:48:15+00:00\" \/>\n<meta property=\"og:image\" content=\"https:\/\/grupo-rs.com.mx\/wp-content\/themes\/twentytwentyfour\/assets\/images\/icon-message.webp\" \/>\n<meta name=\"twitter:card\" content=\"summary_large_image\" \/>\n<meta name=\"twitter:label1\" content=\"Tiempo de lectura\" \/>\n\t<meta name=\"twitter:data1\" content=\"1 minuto\" \/>\n<script type=\"application\/ld+json\" class=\"yoast-schema-graph\">{\"@context\":\"https:\/\/schema.org\",\"@graph\":[{\"@type\":\"WebPage\",\"@id\":\"https:\/\/grupo-rs.com.mx\/?page_id=128\",\"url\":\"https:\/\/grupo-rs.com.mx\/?page_id=128\",\"name\":\"- Grupo RS\",\"isPartOf\":{\"@id\":\"https:\/\/grupo-rs.com.mx\/#website\"},\"primaryImageOfPage\":{\"@id\":\"https:\/\/grupo-rs.com.mx\/?page_id=128#primaryimage\"},\"image\":{\"@id\":\"https:\/\/grupo-rs.com.mx\/?page_id=128#primaryimage\"},\"thumbnailUrl\":\"https:\/\/grupo-rs.com.mx\/wp-content\/themes\/twentytwentyfour\/assets\/images\/icon-message.webp\",\"datePublished\":\"2025-07-23T21:26:25+00:00\",\"dateModified\":\"2025-07-24T18:48:15+00:00\",\"inLanguage\":\"es\",\"potentialAction\":[{\"@type\":\"ReadAction\",\"target\":[\"https:\/\/grupo-rs.com.mx\/?page_id=128\"]}]},{\"@type\":\"ImageObject\",\"inLanguage\":\"es\",\"@id\":\"https:\/\/grupo-rs.com.mx\/?page_id=128#primaryimage\",\"url\":\"https:\/\/grupo-rs.com.mx\/wp-content\/themes\/twentytwentyfour\/assets\/images\/icon-message.webp\",\"contentUrl\":\"https:\/\/grupo-rs.com.mx\/wp-content\/themes\/twentytwentyfour\/assets\/images\/icon-message.webp\"},{\"@type\":\"WebSite\",\"@id\":\"https:\/\/grupo-rs.com.mx\/#website\",\"url\":\"https:\/\/grupo-rs.com.mx\/\",\"name\":\"Grupo RS\",\"description\":\"Grupo RS\",\"publisher\":{\"@id\":\"https:\/\/grupo-rs.com.mx\/#organization\"},\"potentialAction\":[{\"@type\":\"SearchAction\",\"target\":{\"@type\":\"EntryPoint\",\"urlTemplate\":\"https:\/\/grupo-rs.com.mx\/?s={search_term_string}\"},\"query-input\":{\"@type\":\"PropertyValueSpecification\",\"valueRequired\":true,\"valueName\":\"search_term_string\"}}],\"inLanguage\":\"es\"},{\"@type\":\"Organization\",\"@id\":\"https:\/\/grupo-rs.com.mx\/#organization\",\"name\":\"Grupo RS\",\"url\":\"https:\/\/grupo-rs.com.mx\/\",\"logo\":{\"@type\":\"ImageObject\",\"inLanguage\":\"es\",\"@id\":\"https:\/\/grupo-rs.com.mx\/#\/schema\/logo\/image\/\",\"url\":\"https:\/\/grupo-rs.com.mx\/wp-content\/uploads\/2025\/07\/logopng.png\",\"contentUrl\":\"https:\/\/grupo-rs.com.mx\/wp-content\/uploads\/2025\/07\/logopng.png\",\"width\":568,\"height\":612,\"caption\":\"Grupo RS\"},\"image\":{\"@id\":\"https:\/\/grupo-rs.com.mx\/#\/schema\/logo\/image\/\"}}]}<\/script>\n<!-- \/ Yoast SEO plugin. -->","yoast_head_json":{"title":"- Grupo RS","robots":{"index":"index","follow":"follow","max-snippet":"max-snippet:-1","max-image-preview":"max-image-preview:large","max-video-preview":"max-video-preview:-1"},"canonical":"https:\/\/grupo-rs.com.mx\/?page_id=128","og_locale":"es_MX","og_type":"article","og_title":"- Grupo RS","og_description":"Tecnolog\u00eda industrial al alcance de un clic Hablemos de tu pr\u00f3ximo proyecto Solicita m\u00e1s informaci\u00f3n o cotiza tu proyecto Tel\u00e9fono: +52 55 4059 4502 Email: ventas@grupo-rs.com.mx Encu\u00e9ntranos en: Atizap\u00e1n de Zaragoza, Edo\u00a0de M\u00e9xico. \u00a1S\u00edguenos! Cu\u00e9ntanos qu\u00e9 necesitas, nosotros te ayudamos","og_url":"https:\/\/grupo-rs.com.mx\/?page_id=128","og_site_name":"Grupo RS","article_modified_time":"2025-07-24T18:48:15+00:00","og_image":[{"url":"https:\/\/grupo-rs.com.mx\/wp-content\/themes\/twentytwentyfour\/assets\/images\/icon-message.webp","type":"","width":"","height":""}],"twitter_card":"summary_large_image","twitter_misc":{"Tiempo de lectura":"1 minuto"},"schema":{"@context":"https:\/\/schema.org","@graph":[{"@type":"WebPage","@id":"https:\/\/grupo-rs.com.mx\/?page_id=128","url":"https:\/\/grupo-rs.com.mx\/?page_id=128","name":"- Grupo RS","isPartOf":{"@id":"https:\/\/grupo-rs.com.mx\/#website"},"primaryImageOfPage":{"@id":"https:\/\/grupo-rs.com.mx\/?page_id=128#primaryimage"},"image":{"@id":"https:\/\/grupo-rs.com.mx\/?page_id=128#primaryimage"},"thumbnailUrl":"https:\/\/grupo-rs.com.mx\/wp-content\/themes\/twentytwentyfour\/assets\/images\/icon-message.webp","datePublished":"2025-07-23T21:26:25+00:00","dateModified":"2025-07-24T18:48:15+00:00","inLanguage":"es","potentialAction":[{"@type":"ReadAction","target":["https:\/\/grupo-rs.com.mx\/?page_id=128"]}]},{"@type":"ImageObject","inLanguage":"es","@id":"https:\/\/grupo-rs.com.mx\/?page_id=128#primaryimage","url":"https:\/\/grupo-rs.com.mx\/wp-content\/themes\/twentytwentyfour\/assets\/images\/icon-message.webp","contentUrl":"https:\/\/grupo-rs.com.mx\/wp-content\/themes\/twentytwentyfour\/assets\/images\/icon-message.webp"},{"@type":"WebSite","@id":"https:\/\/grupo-rs.com.mx\/#website","url":"https:\/\/grupo-rs.com.mx\/","name":"Grupo RS","description":"Grupo RS","publisher":{"@id":"https:\/\/grupo-rs.com.mx\/#organization"},"potentialAction":[{"@type":"SearchAction","target":{"@type":"EntryPoint","urlTemplate":"https:\/\/grupo-rs.com.mx\/?s={search_term_string}"},"query-input":{"@type":"PropertyValueSpecification","valueRequired":true,"valueName":"search_term_string"}}],"inLanguage":"es"},{"@type":"Organization","@id":"https:\/\/grupo-rs.com.mx\/#organization","name":"Grupo RS","url":"https:\/\/grupo-rs.com.mx\/","logo":{"@type":"ImageObject","inLanguage":"es","@id":"https:\/\/grupo-rs.com.mx\/#\/schema\/logo\/image\/","url":"https:\/\/grupo-rs.com.mx\/wp-content\/uploads\/2025\/07\/logopng.png","contentUrl":"https:\/\/grupo-rs.com.mx\/wp-content\/uploads\/2025\/07\/logopng.png","width":568,"height":612,"caption":"Grupo RS"},"image":{"@id":"https:\/\/grupo-rs.com.mx\/#\/schema\/logo\/image\/"}}]}},"_links":{"self":[{"href":"https:\/\/grupo-rs.com.mx\/index.php?rest_route=\/wp\/v2\/pages\/128","targetHints":{"allow":["GET"]}}],"collection":[{"href":"https:\/\/grupo-rs.com.mx\/index.php?rest_route=\/wp\/v2\/pages"}],"about":[{"href":"https:\/\/grupo-rs.com.mx\/index.php?rest_route=\/wp\/v2\/types\/page"}],"author":[{"embeddable":true,"href":"https:\/\/grupo-rs.com.mx\/index.php?rest_route=\/wp\/v2\/users\/1"}],"replies":[{"embeddable":true,"href":"https:\/\/grupo-rs.com.mx\/index.php?rest_route=%2Fwp%2Fv2%2Fcomments&post=128"}],"version-history":[{"count":10,"href":"https:\/\/grupo-rs.com.mx\/index.php?rest_route=\/wp\/v2\/pages\/128\/revisions"}],"predecessor-version":[{"id":168,"href":"https:\/\/grupo-rs.com.mx\/index.php?rest_route=\/wp\/v2\/pages\/128\/revisions\/168"}],"wp:attachment":[{"href":"https:\/\/grupo-rs.com.mx\/index.php?rest_route=%2Fwp%2Fv2%2Fmedia&parent=128"}],"curies":[{"name":"wp","href":"https:\/\/api.w.org\/{rel}","templated":true}]}}