{"id":9,"date":"2025-07-21T19:09:32","date_gmt":"2025-07-21T19:09:32","guid":{"rendered":"https:\/\/grupo-rs.com.mx\/?page_id=9"},"modified":"2025-07-23T16:43:27","modified_gmt":"2025-07-23T22:43:27","slug":"cart","status":"publish","type":"page","link":"https:\/\/grupo-rs.com.mx\/?page_id=9","title":{"rendered":"Cart"},"content":{"rendered":"\n<div data-block-name=\"woocommerce\/cart\" class=\"wp-block-woocommerce-cart alignwide is-loading\">\n<div data-block-name=\"woocommerce\/filled-cart-block\" class=\"wp-block-woocommerce-filled-cart-block\">\n<div data-block-name=\"woocommerce\/cart-items-block\" class=\"wp-block-woocommerce-cart-items-block\">\n<div data-block-name=\"woocommerce\/cart-line-items-block\" class=\"wp-block-woocommerce-cart-line-items-block\"><\/div>\n\n\n\n<div data-block-name=\"woocommerce\/cart-cross-sells-block\" class=\"wp-block-woocommerce-cart-cross-sells-block\">\n<h2 class=\"wp-block-heading has-large-font-size\">You may be interested in\u2026<\/h2>\n\n\n\n<div data-block-name=\"woocommerce\/cart-cross-sells-products-block\" class=\"wp-block-woocommerce-cart-cross-sells-products-block\"><\/div>\n<\/div>\n<\/div>\n\n\n\n<div data-block-name=\"woocommerce\/cart-totals-block\" class=\"wp-block-woocommerce-cart-totals-block\">\n<div data-block-name=\"woocommerce\/cart-order-summary-block\" class=\"wp-block-woocommerce-cart-order-summary-block\">\n<div data-block-name=\"woocommerce\/cart-order-summary-heading-block\" class=\"wp-block-woocommerce-cart-order-summary-heading-block\"><\/div><div data-block-name=\"woocommerce\/cart-order-summary-coupon-form-block\" class=\"wp-block-woocommerce-cart-order-summary-coupon-form-block\"><\/div><div data-block-name=\"woocommerce\/cart-order-summary-totals-block\" class=\"wp-block-woocommerce-cart-order-summary-totals-block\">\n<div data-block-name=\"woocommerce\/cart-order-summary-subtotal-block\" class=\"wp-block-woocommerce-cart-order-summary-subtotal-block\"><\/div>\n<div data-block-name=\"woocommerce\/cart-order-summary-discount-block\" class=\"wp-block-woocommerce-cart-order-summary-discount-block\"><\/div>\n<div data-block-name=\"woocommerce\/cart-order-summary-fee-block\" class=\"wp-block-woocommerce-cart-order-summary-fee-block\"><\/div>\n<div data-block-name=\"woocommerce\/cart-order-summary-shipping-block\" class=\"wp-block-woocommerce-cart-order-summary-shipping-block\"><\/div>\n<div data-block-name=\"woocommerce\/cart-order-summary-taxes-block\" class=\"wp-block-woocommerce-cart-order-summary-taxes-block\"><\/div><\/div>\n<\/div>\n\n\n\n<div data-block-name=\"woocommerce\/cart-express-payment-block\" class=\"wp-block-woocommerce-cart-express-payment-block\"><\/div>\n\n\n\n<div data-block-name=\"woocommerce\/proceed-to-checkout-block\" class=\"wp-block-woocommerce-proceed-to-checkout-block\"><\/div>\n\n\n\n<div data-block-name=\"woocommerce\/cart-accepted-payment-methods-block\" class=\"wp-block-woocommerce-cart-accepted-payment-methods-block\"><\/div>\n<\/div>\n<\/div>\n\n\n\n<div data-block-name=\"woocommerce\/empty-cart-block\" class=\"wp-block-woocommerce-empty-cart-block\">\n<h2 class=\"wp-block-heading has-text-align-center with-empty-cart-icon wc-block-cart__empty-cart__title\">Your cart is currently empty!<\/h2>\n\n\n\n<hr class=\"wp-block-separator has-alpha-channel-opacity is-style-dots\"\/>\n\n\n\n<h2 class=\"wp-block-heading has-text-align-center\">New in store<\/h2>\n\n\n<div data-block-name=\"woocommerce\/product-new\" data-columns=\"4\" data-rows=\"1\" class=\"wc-block-grid wp-block-product-new wp-block-woocommerce-product-new wc-block-product-new has-4-columns\"><ul class=\"wc-block-grid__products\"><li class=\"wc-block-grid__product\">\n\t\t\t\t<a href=\"https:\/\/grupo-rs.com.mx\/?product=valvula-de-mariposa-marca-mt-valvulas-america-tipo-lug-con-palanca-3\" class=\"wc-block-grid__product-link\">\n\t\t\t\t\t\n\t\t\t\t\t<div class=\"wc-block-grid__product-image\"><img fetchpriority=\"high\" decoding=\"async\" width=\"300\" height=\"300\" src=\"https:\/\/grupo-rs.com.mx\/wp-content\/uploads\/2025\/07\/Va\u0301lvula-de-mariposa-marca-MT-Va\u0301lvulas-Ame\u0301rica-tipo-LUG-con-palanca-3-Cuerpo-de-fundicio\u0301n-nodular-disco-de-Acero-Inox-316-Bridas-ANSI-150-Asiento-ri\u0301gido-EPDM-20-a-120\u00b0C-Modelo-5144ANSI080-300x300.png\" class=\"attachment-woocommerce_thumbnail size-woocommerce_thumbnail\" alt=\"V\u00e1lvula de mariposa marca MT V\u00e1lvulas Am\u00e9rica tipo LUG con palanca 3\" srcset=\"https:\/\/grupo-rs.com.mx\/wp-content\/uploads\/2025\/07\/Va\u0301lvula-de-mariposa-marca-MT-Va\u0301lvulas-Ame\u0301rica-tipo-LUG-con-palanca-3-Cuerpo-de-fundicio\u0301n-nodular-disco-de-Acero-Inox-316-Bridas-ANSI-150-Asiento-ri\u0301gido-EPDM-20-a-120\u00b0C-Modelo-5144ANSI080-300x300.png 300w, https:\/\/grupo-rs.com.mx\/wp-content\/uploads\/2025\/07\/Va\u0301lvula-de-mariposa-marca-MT-Va\u0301lvulas-Ame\u0301rica-tipo-LUG-con-palanca-3-Cuerpo-de-fundicio\u0301n-nodular-disco-de-Acero-Inox-316-Bridas-ANSI-150-Asiento-ri\u0301gido-EPDM-20-a-120\u00b0C-Modelo-5144ANSI080-100x100.png 100w, https:\/\/grupo-rs.com.mx\/wp-content\/uploads\/2025\/07\/Va\u0301lvula-de-mariposa-marca-MT-Va\u0301lvulas-Ame\u0301rica-tipo-LUG-con-palanca-3-Cuerpo-de-fundicio\u0301n-nodular-disco-de-Acero-Inox-316-Bridas-ANSI-150-Asiento-ri\u0301gido-EPDM-20-a-120\u00b0C-Modelo-5144ANSI080-600x600.png 600w, https:\/\/grupo-rs.com.mx\/wp-content\/uploads\/2025\/07\/Va\u0301lvula-de-mariposa-marca-MT-Va\u0301lvulas-Ame\u0301rica-tipo-LUG-con-palanca-3-Cuerpo-de-fundicio\u0301n-nodular-disco-de-Acero-Inox-316-Bridas-ANSI-150-Asiento-ri\u0301gido-EPDM-20-a-120\u00b0C-Modelo-5144ANSI080-1024x1024.png 1024w, https:\/\/grupo-rs.com.mx\/wp-content\/uploads\/2025\/07\/Va\u0301lvula-de-mariposa-marca-MT-Va\u0301lvulas-Ame\u0301rica-tipo-LUG-con-palanca-3-Cuerpo-de-fundicio\u0301n-nodular-disco-de-Acero-Inox-316-Bridas-ANSI-150-Asiento-ri\u0301gido-EPDM-20-a-120\u00b0C-Modelo-5144ANSI080-150x150.png 150w, https:\/\/grupo-rs.com.mx\/wp-content\/uploads\/2025\/07\/Va\u0301lvula-de-mariposa-marca-MT-Va\u0301lvulas-Ame\u0301rica-tipo-LUG-con-palanca-3-Cuerpo-de-fundicio\u0301n-nodular-disco-de-Acero-Inox-316-Bridas-ANSI-150-Asiento-ri\u0301gido-EPDM-20-a-120\u00b0C-Modelo-5144ANSI080-768x768.png 768w, https:\/\/grupo-rs.com.mx\/wp-content\/uploads\/2025\/07\/Va\u0301lvula-de-mariposa-marca-MT-Va\u0301lvulas-Ame\u0301rica-tipo-LUG-con-palanca-3-Cuerpo-de-fundicio\u0301n-nodular-disco-de-Acero-Inox-316-Bridas-ANSI-150-Asiento-ri\u0301gido-EPDM-20-a-120\u00b0C-Modelo-5144ANSI080.png 1200w\" sizes=\"(max-width: 300px) 100vw, 300px\" \/><\/div>\n\t\t\t\t\t<div class=\"wc-block-grid__product-title\">V\u00e1lvula de mariposa marca MT V\u00e1lvulas Am\u00e9rica tipo LUG con palanca 3<\/div>\n\t\t\t\t<\/a>\n\t\t\t\t<div class=\"wc-block-grid__product-price price\"><span class=\"woocommerce-Price-amount amount\"><span class=\"woocommerce-Price-currencySymbol\">&#036;<\/span>1,899.00<\/span><\/div>\n\t\t\t\t\n\t\t\t\t<div class=\"wp-block-button wc-block-grid__product-add-to-cart\"><a href=\"?add-to-cart=80\" aria-label=\"Add to cart: &ldquo;V\u00e1lvula de mariposa marca MT V\u00e1lvulas Am\u00e9rica tipo LUG con palanca 3&rdquo;\" data-quantity=\"1\" data-product_id=\"80\" data-product_sku=\"\" data-price=\"1899\" rel=\"nofollow\" class=\"wp-block-button__link wp-element-button add_to_cart_button ajax_add_to_cart\">A\u00f1adir al carrito<\/a><\/div>\n\t\t\t<\/li><li class=\"wc-block-grid__product\">\n\t\t\t\t<a href=\"https:\/\/grupo-rs.com.mx\/?product=valvula-de-mariposa-marca-mt-valvulas-america-tipo-waffer-con-palanca-3-in-cuerpo-de-fundicion-nodular\" class=\"wc-block-grid__product-link\">\n\t\t\t\t\t\n\t\t\t\t\t<div class=\"wc-block-grid__product-image\"><img decoding=\"async\" width=\"300\" height=\"300\" src=\"https:\/\/grupo-rs.com.mx\/wp-content\/uploads\/2025\/07\/Va\u0301lvula-de-mariposa-marca-MT-Va\u0301lvulas-Ame\u0301rica-tipo-Waffer-con-palanca-3-in-cuerpo-de-fundicio\u0301n-nodular-_-disco-de-Acero-Inox.-316_-Bridas-EN-1092-2-PN-10PN-16_-ANSI-B16.5_-Asientos-EPDM_-20-a-1-300x300.png\" class=\"attachment-woocommerce_thumbnail size-woocommerce_thumbnail\" alt=\"V\u00e1lvula de mariposa marca MT V\u00e1lvulas Am\u00e9rica tipo Waffer con palanca 3 in cuerpo de fundici\u00f3n nodular\" srcset=\"https:\/\/grupo-rs.com.mx\/wp-content\/uploads\/2025\/07\/Va\u0301lvula-de-mariposa-marca-MT-Va\u0301lvulas-Ame\u0301rica-tipo-Waffer-con-palanca-3-in-cuerpo-de-fundicio\u0301n-nodular-_-disco-de-Acero-Inox.-316_-Bridas-EN-1092-2-PN-10PN-16_-ANSI-B16.5_-Asientos-EPDM_-20-a-1-300x300.png 300w, https:\/\/grupo-rs.com.mx\/wp-content\/uploads\/2025\/07\/Va\u0301lvula-de-mariposa-marca-MT-Va\u0301lvulas-Ame\u0301rica-tipo-Waffer-con-palanca-3-in-cuerpo-de-fundicio\u0301n-nodular-_-disco-de-Acero-Inox.-316_-Bridas-EN-1092-2-PN-10PN-16_-ANSI-B16.5_-Asientos-EPDM_-20-a-1-100x100.png 100w, https:\/\/grupo-rs.com.mx\/wp-content\/uploads\/2025\/07\/Va\u0301lvula-de-mariposa-marca-MT-Va\u0301lvulas-Ame\u0301rica-tipo-Waffer-con-palanca-3-in-cuerpo-de-fundicio\u0301n-nodular-_-disco-de-Acero-Inox.-316_-Bridas-EN-1092-2-PN-10PN-16_-ANSI-B16.5_-Asientos-EPDM_-20-a-1-600x600.png 600w, https:\/\/grupo-rs.com.mx\/wp-content\/uploads\/2025\/07\/Va\u0301lvula-de-mariposa-marca-MT-Va\u0301lvulas-Ame\u0301rica-tipo-Waffer-con-palanca-3-in-cuerpo-de-fundicio\u0301n-nodular-_-disco-de-Acero-Inox.-316_-Bridas-EN-1092-2-PN-10PN-16_-ANSI-B16.5_-Asientos-EPDM_-20-a-1-1024x1024.png 1024w, https:\/\/grupo-rs.com.mx\/wp-content\/uploads\/2025\/07\/Va\u0301lvula-de-mariposa-marca-MT-Va\u0301lvulas-Ame\u0301rica-tipo-Waffer-con-palanca-3-in-cuerpo-de-fundicio\u0301n-nodular-_-disco-de-Acero-Inox.-316_-Bridas-EN-1092-2-PN-10PN-16_-ANSI-B16.5_-Asientos-EPDM_-20-a-1-150x150.png 150w, https:\/\/grupo-rs.com.mx\/wp-content\/uploads\/2025\/07\/Va\u0301lvula-de-mariposa-marca-MT-Va\u0301lvulas-Ame\u0301rica-tipo-Waffer-con-palanca-3-in-cuerpo-de-fundicio\u0301n-nodular-_-disco-de-Acero-Inox.-316_-Bridas-EN-1092-2-PN-10PN-16_-ANSI-B16.5_-Asientos-EPDM_-20-a-1-768x768.png 768w, https:\/\/grupo-rs.com.mx\/wp-content\/uploads\/2025\/07\/Va\u0301lvula-de-mariposa-marca-MT-Va\u0301lvulas-Ame\u0301rica-tipo-Waffer-con-palanca-3-in-cuerpo-de-fundicio\u0301n-nodular-_-disco-de-Acero-Inox.-316_-Bridas-EN-1092-2-PN-10PN-16_-ANSI-B16.5_-Asientos-EPDM_-20-a-1.png 1200w\" sizes=\"(max-width: 300px) 100vw, 300px\" \/><\/div>\n\t\t\t\t\t<div class=\"wc-block-grid__product-title\">V\u00e1lvula de mariposa marca MT V\u00e1lvulas Am\u00e9rica tipo Waffer con palanca 3 in cuerpo de fundici\u00f3n nodular<\/div>\n\t\t\t\t<\/a>\n\t\t\t\t<div class=\"wc-block-grid__product-price price\"><span class=\"woocommerce-Price-amount amount\"><span class=\"woocommerce-Price-currencySymbol\">&#036;<\/span>1,399.00<\/span><\/div>\n\t\t\t\t\n\t\t\t\t<div class=\"wp-block-button wc-block-grid__product-add-to-cart\"><a href=\"?add-to-cart=78\" aria-label=\"Add to cart: &ldquo;V\u00e1lvula de mariposa marca MT V\u00e1lvulas Am\u00e9rica tipo Waffer con palanca 3 in cuerpo de fundici\u00f3n nodular&rdquo;\" data-quantity=\"1\" data-product_id=\"78\" data-product_sku=\"\" data-price=\"1399\" rel=\"nofollow\" class=\"wp-block-button__link wp-element-button add_to_cart_button ajax_add_to_cart\">A\u00f1adir al carrito<\/a><\/div>\n\t\t\t<\/li><li class=\"wc-block-grid__product\">\n\t\t\t\t<a href=\"https:\/\/grupo-rs.com.mx\/?product=variador-de-frecuencia-marca-weg-cfw500-g2-7-5hp-220vca-trifasico\" class=\"wc-block-grid__product-link\">\n\t\t\t\t\t\n\t\t\t\t\t<div class=\"wc-block-grid__product-image\"><img decoding=\"async\" width=\"300\" height=\"300\" src=\"https:\/\/grupo-rs.com.mx\/wp-content\/uploads\/2025\/07\/VARIADOR-DE-FRECUENCIA-MARCA-WEG-CFW500-G2-7.5HP-220Vca.-TRIFASICO-Modelo-CFW500C24P0T2DB20H13G2-Co\u0301digo-16082233-300x300.png\" class=\"attachment-woocommerce_thumbnail size-woocommerce_thumbnail\" alt=\"Variador de frecuencia marca WEG CFW500 G2 7.5HP 220Vca. Trif\u00e1sico\" srcset=\"https:\/\/grupo-rs.com.mx\/wp-content\/uploads\/2025\/07\/VARIADOR-DE-FRECUENCIA-MARCA-WEG-CFW500-G2-7.5HP-220Vca.-TRIFASICO-Modelo-CFW500C24P0T2DB20H13G2-Co\u0301digo-16082233-300x300.png 300w, https:\/\/grupo-rs.com.mx\/wp-content\/uploads\/2025\/07\/VARIADOR-DE-FRECUENCIA-MARCA-WEG-CFW500-G2-7.5HP-220Vca.-TRIFASICO-Modelo-CFW500C24P0T2DB20H13G2-Co\u0301digo-16082233-100x100.png 100w, https:\/\/grupo-rs.com.mx\/wp-content\/uploads\/2025\/07\/VARIADOR-DE-FRECUENCIA-MARCA-WEG-CFW500-G2-7.5HP-220Vca.-TRIFASICO-Modelo-CFW500C24P0T2DB20H13G2-Co\u0301digo-16082233-600x600.png 600w, https:\/\/grupo-rs.com.mx\/wp-content\/uploads\/2025\/07\/VARIADOR-DE-FRECUENCIA-MARCA-WEG-CFW500-G2-7.5HP-220Vca.-TRIFASICO-Modelo-CFW500C24P0T2DB20H13G2-Co\u0301digo-16082233-1024x1024.png 1024w, https:\/\/grupo-rs.com.mx\/wp-content\/uploads\/2025\/07\/VARIADOR-DE-FRECUENCIA-MARCA-WEG-CFW500-G2-7.5HP-220Vca.-TRIFASICO-Modelo-CFW500C24P0T2DB20H13G2-Co\u0301digo-16082233-150x150.png 150w, https:\/\/grupo-rs.com.mx\/wp-content\/uploads\/2025\/07\/VARIADOR-DE-FRECUENCIA-MARCA-WEG-CFW500-G2-7.5HP-220Vca.-TRIFASICO-Modelo-CFW500C24P0T2DB20H13G2-Co\u0301digo-16082233-768x768.png 768w, https:\/\/grupo-rs.com.mx\/wp-content\/uploads\/2025\/07\/VARIADOR-DE-FRECUENCIA-MARCA-WEG-CFW500-G2-7.5HP-220Vca.-TRIFASICO-Modelo-CFW500C24P0T2DB20H13G2-Co\u0301digo-16082233.png 1200w\" sizes=\"(max-width: 300px) 100vw, 300px\" \/><\/div>\n\t\t\t\t\t<div class=\"wc-block-grid__product-title\">Variador de frecuencia marca WEG CFW500 G2 7.5HP 220Vca. Trif\u00e1sico<\/div>\n\t\t\t\t<\/a>\n\t\t\t\t<div class=\"wc-block-grid__product-price price\"><span class=\"woocommerce-Price-amount amount\"><span class=\"woocommerce-Price-currencySymbol\">&#036;<\/span>14,250.00<\/span><\/div>\n\t\t\t\t\n\t\t\t\t<div class=\"wp-block-button wc-block-grid__product-add-to-cart\"><a href=\"?add-to-cart=81\" aria-label=\"Add to cart: &ldquo;Variador de frecuencia marca WEG CFW500 G2 7.5HP 220Vca. Trif\u00e1sico&rdquo;\" data-quantity=\"1\" data-product_id=\"81\" data-product_sku=\"\" data-price=\"14250\" rel=\"nofollow\" class=\"wp-block-button__link wp-element-button add_to_cart_button ajax_add_to_cart\">A\u00f1adir al carrito<\/a><\/div>\n\t\t\t<\/li><li class=\"wc-block-grid__product\">\n\t\t\t\t<a href=\"https:\/\/grupo-rs.com.mx\/?product=variador-de-frecuencia-marca-abb-trifasico-4hp-5hp-380-480-vac-7-2-8-9-amperes\" class=\"wc-block-grid__product-link\">\n\t\t\t\t\t\n\t\t\t\t\t<div class=\"wc-block-grid__product-image\"><img loading=\"lazy\" decoding=\"async\" width=\"300\" height=\"300\" src=\"https:\/\/grupo-rs.com.mx\/wp-content\/uploads\/2025\/07\/Variador-de-Frecuencia-marca-ABB-Trifa\u0301sico-4Hp5Hp-ACS180-04S-09A4-4-380-480-VAC-7.28.9-Amperes-300x300.png\" class=\"attachment-woocommerce_thumbnail size-woocommerce_thumbnail\" alt=\"Variador de Frecuencia marca ABB, Trif\u00e1sico, 4Hp\/5Hp, 380 - 480 VAC, 7.2\/8.9 Amperes\" srcset=\"https:\/\/grupo-rs.com.mx\/wp-content\/uploads\/2025\/07\/Variador-de-Frecuencia-marca-ABB-Trifa\u0301sico-4Hp5Hp-ACS180-04S-09A4-4-380-480-VAC-7.28.9-Amperes-300x300.png 300w, https:\/\/grupo-rs.com.mx\/wp-content\/uploads\/2025\/07\/Variador-de-Frecuencia-marca-ABB-Trifa\u0301sico-4Hp5Hp-ACS180-04S-09A4-4-380-480-VAC-7.28.9-Amperes-100x100.png 100w, https:\/\/grupo-rs.com.mx\/wp-content\/uploads\/2025\/07\/Variador-de-Frecuencia-marca-ABB-Trifa\u0301sico-4Hp5Hp-ACS180-04S-09A4-4-380-480-VAC-7.28.9-Amperes-600x600.png 600w, https:\/\/grupo-rs.com.mx\/wp-content\/uploads\/2025\/07\/Variador-de-Frecuencia-marca-ABB-Trifa\u0301sico-4Hp5Hp-ACS180-04S-09A4-4-380-480-VAC-7.28.9-Amperes-1024x1024.png 1024w, https:\/\/grupo-rs.com.mx\/wp-content\/uploads\/2025\/07\/Variador-de-Frecuencia-marca-ABB-Trifa\u0301sico-4Hp5Hp-ACS180-04S-09A4-4-380-480-VAC-7.28.9-Amperes-150x150.png 150w, https:\/\/grupo-rs.com.mx\/wp-content\/uploads\/2025\/07\/Variador-de-Frecuencia-marca-ABB-Trifa\u0301sico-4Hp5Hp-ACS180-04S-09A4-4-380-480-VAC-7.28.9-Amperes-768x768.png 768w, https:\/\/grupo-rs.com.mx\/wp-content\/uploads\/2025\/07\/Variador-de-Frecuencia-marca-ABB-Trifa\u0301sico-4Hp5Hp-ACS180-04S-09A4-4-380-480-VAC-7.28.9-Amperes.png 1200w\" sizes=\"(max-width: 300px) 100vw, 300px\" \/><\/div>\n\t\t\t\t\t<div class=\"wc-block-grid__product-title\">Variador de Frecuencia marca ABB, Trif\u00e1sico, 4Hp\/5Hp, 380 &#8211; 480 VAC, 7.2\/8.9 Amperes<\/div>\n\t\t\t\t<\/a>\n\t\t\t\t<div class=\"wc-block-grid__product-price price\"><span class=\"woocommerce-Price-amount amount\"><span class=\"woocommerce-Price-currencySymbol\">&#036;<\/span>9,800.00<\/span><\/div>\n\t\t\t\t\n\t\t\t\t<div class=\"wp-block-button wc-block-grid__product-add-to-cart\"><a href=\"?add-to-cart=77\" aria-label=\"Add to cart: &ldquo;Variador de Frecuencia marca ABB, Trif\u00e1sico, 4Hp\/5Hp, 380 - 480 VAC, 7.2\/8.9 Amperes&rdquo;\" data-quantity=\"1\" data-product_id=\"77\" data-product_sku=\"\" data-price=\"9800\" rel=\"nofollow\" class=\"wp-block-button__link wp-element-button add_to_cart_button ajax_add_to_cart\">A\u00f1adir al carrito<\/a><\/div>\n\t\t\t<\/li><\/ul><\/div><\/div>\n<\/div>\n","protected":false},"excerpt":{"rendered":"","protected":false},"author":1,"featured_media":0,"parent":0,"menu_order":0,"comment_status":"closed","ping_status":"closed","template":"","meta":{"footnotes":""},"class_list":["post-9","page","type-page","status-publish","hentry"],"yoast_head":"<!-- This site is optimized with the Yoast SEO plugin v25.6 - https:\/\/yoast.com\/wordpress\/plugins\/seo\/ -->\n<title>Cart - Grupo RS<\/title>\n<meta name=\"robots\" content=\"index, follow, max-snippet:-1, max-image-preview:large, max-video-preview:-1\" \/>\n<link rel=\"canonical\" href=\"https:\/\/grupo-rs.com.mx\/?page_id=9\" \/>\n<meta property=\"og:locale\" content=\"es_MX\" \/>\n<meta property=\"og:type\" content=\"article\" \/>\n<meta property=\"og:title\" content=\"Cart - Grupo RS\" \/>\n<meta property=\"og:url\" content=\"https:\/\/grupo-rs.com.mx\/?page_id=9\" \/>\n<meta property=\"og:site_name\" content=\"Grupo RS\" \/>\n<meta property=\"article:modified_time\" content=\"2025-07-23T22:43:27+00:00\" \/>\n<meta name=\"twitter:card\" content=\"summary_large_image\" \/>\n<script type=\"application\/ld+json\" class=\"yoast-schema-graph\">{\"@context\":\"https:\/\/schema.org\",\"@graph\":[{\"@type\":\"WebPage\",\"@id\":\"https:\/\/grupo-rs.com.mx\/?page_id=9\",\"url\":\"https:\/\/grupo-rs.com.mx\/?page_id=9\",\"name\":\"Cart - Grupo RS\",\"isPartOf\":{\"@id\":\"https:\/\/grupo-rs.com.mx\/#website\"},\"datePublished\":\"2025-07-21T19:09:32+00:00\",\"dateModified\":\"2025-07-23T22:43:27+00:00\",\"breadcrumb\":{\"@id\":\"https:\/\/grupo-rs.com.mx\/?page_id=9#breadcrumb\"},\"inLanguage\":\"es\",\"potentialAction\":[{\"@type\":\"ReadAction\",\"target\":[\"https:\/\/grupo-rs.com.mx\/?page_id=9\"]}]},{\"@type\":\"BreadcrumbList\",\"@id\":\"https:\/\/grupo-rs.com.mx\/?page_id=9#breadcrumb\",\"itemListElement\":[{\"@type\":\"ListItem\",\"position\":1,\"name\":\"Home\",\"item\":\"https:\/\/grupo-rs.com.mx\/\"},{\"@type\":\"ListItem\",\"position\":2,\"name\":\"Cart\"}]},{\"@type\":\"WebSite\",\"@id\":\"https:\/\/grupo-rs.com.mx\/#website\",\"url\":\"https:\/\/grupo-rs.com.mx\/\",\"name\":\"Grupo RS\",\"description\":\"Grupo RS\",\"publisher\":{\"@id\":\"https:\/\/grupo-rs.com.mx\/#organization\"},\"potentialAction\":[{\"@type\":\"SearchAction\",\"target\":{\"@type\":\"EntryPoint\",\"urlTemplate\":\"https:\/\/grupo-rs.com.mx\/?s={search_term_string}\"},\"query-input\":{\"@type\":\"PropertyValueSpecification\",\"valueRequired\":true,\"valueName\":\"search_term_string\"}}],\"inLanguage\":\"es\"},{\"@type\":\"Organization\",\"@id\":\"https:\/\/grupo-rs.com.mx\/#organization\",\"name\":\"Grupo RS\",\"url\":\"https:\/\/grupo-rs.com.mx\/\",\"logo\":{\"@type\":\"ImageObject\",\"inLanguage\":\"es\",\"@id\":\"https:\/\/grupo-rs.com.mx\/#\/schema\/logo\/image\/\",\"url\":\"https:\/\/grupo-rs.com.mx\/wp-content\/uploads\/2025\/07\/logopng.png\",\"contentUrl\":\"https:\/\/grupo-rs.com.mx\/wp-content\/uploads\/2025\/07\/logopng.png\",\"width\":568,\"height\":612,\"caption\":\"Grupo RS\"},\"image\":{\"@id\":\"https:\/\/grupo-rs.com.mx\/#\/schema\/logo\/image\/\"}}]}<\/script>\n<!-- \/ Yoast SEO plugin. -->","yoast_head_json":{"title":"Cart - Grupo RS","robots":{"index":"index","follow":"follow","max-snippet":"max-snippet:-1","max-image-preview":"max-image-preview:large","max-video-preview":"max-video-preview:-1"},"canonical":"https:\/\/grupo-rs.com.mx\/?page_id=9","og_locale":"es_MX","og_type":"article","og_title":"Cart - Grupo RS","og_url":"https:\/\/grupo-rs.com.mx\/?page_id=9","og_site_name":"Grupo RS","article_modified_time":"2025-07-23T22:43:27+00:00","twitter_card":"summary_large_image","schema":{"@context":"https:\/\/schema.org","@graph":[{"@type":"WebPage","@id":"https:\/\/grupo-rs.com.mx\/?page_id=9","url":"https:\/\/grupo-rs.com.mx\/?page_id=9","name":"Cart - Grupo RS","isPartOf":{"@id":"https:\/\/grupo-rs.com.mx\/#website"},"datePublished":"2025-07-21T19:09:32+00:00","dateModified":"2025-07-23T22:43:27+00:00","breadcrumb":{"@id":"https:\/\/grupo-rs.com.mx\/?page_id=9#breadcrumb"},"inLanguage":"es","potentialAction":[{"@type":"ReadAction","target":["https:\/\/grupo-rs.com.mx\/?page_id=9"]}]},{"@type":"BreadcrumbList","@id":"https:\/\/grupo-rs.com.mx\/?page_id=9#breadcrumb","itemListElement":[{"@type":"ListItem","position":1,"name":"Home","item":"https:\/\/grupo-rs.com.mx\/"},{"@type":"ListItem","position":2,"name":"Cart"}]},{"@type":"WebSite","@id":"https:\/\/grupo-rs.com.mx\/#website","url":"https:\/\/grupo-rs.com.mx\/","name":"Grupo RS","description":"Grupo RS","publisher":{"@id":"https:\/\/grupo-rs.com.mx\/#organization"},"potentialAction":[{"@type":"SearchAction","target":{"@type":"EntryPoint","urlTemplate":"https:\/\/grupo-rs.com.mx\/?s={search_term_string}"},"query-input":{"@type":"PropertyValueSpecification","valueRequired":true,"valueName":"search_term_string"}}],"inLanguage":"es"},{"@type":"Organization","@id":"https:\/\/grupo-rs.com.mx\/#organization","name":"Grupo RS","url":"https:\/\/grupo-rs.com.mx\/","logo":{"@type":"ImageObject","inLanguage":"es","@id":"https:\/\/grupo-rs.com.mx\/#\/schema\/logo\/image\/","url":"https:\/\/grupo-rs.com.mx\/wp-content\/uploads\/2025\/07\/logopng.png","contentUrl":"https:\/\/grupo-rs.com.mx\/wp-content\/uploads\/2025\/07\/logopng.png","width":568,"height":612,"caption":"Grupo RS"},"image":{"@id":"https:\/\/grupo-rs.com.mx\/#\/schema\/logo\/image\/"}}]}},"_links":{"self":[{"href":"https:\/\/grupo-rs.com.mx\/index.php?rest_route=\/wp\/v2\/pages\/9","targetHints":{"allow":["GET"]}}],"collection":[{"href":"https:\/\/grupo-rs.com.mx\/index.php?rest_route=\/wp\/v2\/pages"}],"about":[{"href":"https:\/\/grupo-rs.com.mx\/index.php?rest_route=\/wp\/v2\/types\/page"}],"author":[{"embeddable":true,"href":"https:\/\/grupo-rs.com.mx\/index.php?rest_route=\/wp\/v2\/users\/1"}],"replies":[{"embeddable":true,"href":"https:\/\/grupo-rs.com.mx\/index.php?rest_route=%2Fwp%2Fv2%2Fcomments&post=9"}],"version-history":[{"count":1,"href":"https:\/\/grupo-rs.com.mx\/index.php?rest_route=\/wp\/v2\/pages\/9\/revisions"}],"predecessor-version":[{"id":74,"href":"https:\/\/grupo-rs.com.mx\/index.php?rest_route=\/wp\/v2\/pages\/9\/revisions\/74"}],"wp:attachment":[{"href":"https:\/\/grupo-rs.com.mx\/index.php?rest_route=%2Fwp%2Fv2%2Fmedia&parent=9"}],"curies":[{"name":"wp","href":"https:\/\/api.w.org\/{rel}","templated":true}]}}